{"id":212,"date":"2017-07-12T23:29:58","date_gmt":"2017-07-12T21:29:58","guid":{"rendered":"http:\/\/smagrimet.org\/?page_id=212"},"modified":"2017-07-12T23:29:58","modified_gmt":"2017-07-12T21:29:58","slug":"venue-accomodation","status":"publish","type":"page","link":"https:\/\/smagrimet.org\/2018\/venue-accomodation\/","title":{"rendered":"Venue and Accomodation"},"content":{"rendered":"<p><a href=\"http:\/\/smagrimet.org\/wp-content\/uploads\/2017\/07\/Sunset-view-le-meridien-split-2.jpg\" target=\"_blank\" rel=\"noopener\"><img loading=\"lazy\" decoding=\"async\" class=\"alignleft wp-image-175 size-medium\" src=\"http:\/\/smagrimet.org\/wp-content\/uploads\/2017\/07\/Sunset-view-le-meridien-split-2-300x169.jpg\" alt=\"\" width=\"300\" height=\"169\" srcset=\"https:\/\/smagrimet.org\/2018\/wp-content\/uploads\/sites\/4\/2017\/07\/Sunset-view-le-meridien-split-2-300x169.jpg 300w, https:\/\/smagrimet.org\/2018\/wp-content\/uploads\/sites\/4\/2017\/07\/Sunset-view-le-meridien-split-2-768x432.jpg 768w, https:\/\/smagrimet.org\/2018\/wp-content\/uploads\/sites\/4\/2017\/07\/Sunset-view-le-meridien-split-2-1024x576.jpg 1024w, https:\/\/smagrimet.org\/2018\/wp-content\/uploads\/sites\/4\/2017\/07\/Sunset-view-le-meridien-split-2-830x467.jpg 830w, https:\/\/smagrimet.org\/2018\/wp-content\/uploads\/sites\/4\/2017\/07\/Sunset-view-le-meridien-split-2-230x129.jpg 230w, https:\/\/smagrimet.org\/2018\/wp-content\/uploads\/sites\/4\/2017\/07\/Sunset-view-le-meridien-split-2-350x197.jpg 350w, https:\/\/smagrimet.org\/2018\/wp-content\/uploads\/sites\/4\/2017\/07\/Sunset-view-le-meridien-split-2-480x270.jpg 480w, https:\/\/smagrimet.org\/2018\/wp-content\/uploads\/sites\/4\/2017\/07\/Sunset-view-le-meridien-split-2.jpg 1600w\" sizes=\"(max-width: 300px) 100vw, 300px\" \/><\/a>The conference will be held at <a href=\"http:\/\/www.lemeridienlavsplit.com\/\">Hotel Le Meridien Lav<\/a>, a five-star luxury resort located in Podstrana 8 km south of the Split\u2019s city centre.<\/p>\n<p>&nbsp;<\/p>\n<p><a href=\"http:\/\/smagrimet.org\/wp-content\/uploads\/2017\/07\/Le_Meridien_lav_Split_view_from_panoramique_suites.jpg\" target=\"_blank\" rel=\"noopener\"><img loading=\"lazy\" decoding=\"async\" class=\"alignright wp-image-174 size-medium\" src=\"http:\/\/smagrimet.org\/wp-content\/uploads\/2017\/07\/Le_Meridien_lav_Split_view_from_panoramique_suites-300x169.jpg\" alt=\"\" width=\"300\" height=\"169\" srcset=\"https:\/\/smagrimet.org\/2018\/wp-content\/uploads\/sites\/4\/2017\/07\/Le_Meridien_lav_Split_view_from_panoramique_suites-300x169.jpg 300w, https:\/\/smagrimet.org\/2018\/wp-content\/uploads\/sites\/4\/2017\/07\/Le_Meridien_lav_Split_view_from_panoramique_suites-768x432.jpg 768w, https:\/\/smagrimet.org\/2018\/wp-content\/uploads\/sites\/4\/2017\/07\/Le_Meridien_lav_Split_view_from_panoramique_suites-1024x576.jpg 1024w, https:\/\/smagrimet.org\/2018\/wp-content\/uploads\/sites\/4\/2017\/07\/Le_Meridien_lav_Split_view_from_panoramique_suites-830x467.jpg 830w, https:\/\/smagrimet.org\/2018\/wp-content\/uploads\/sites\/4\/2017\/07\/Le_Meridien_lav_Split_view_from_panoramique_suites-230x129.jpg 230w, https:\/\/smagrimet.org\/2018\/wp-content\/uploads\/sites\/4\/2017\/07\/Le_Meridien_lav_Split_view_from_panoramique_suites-350x197.jpg 350w, https:\/\/smagrimet.org\/2018\/wp-content\/uploads\/sites\/4\/2017\/07\/Le_Meridien_lav_Split_view_from_panoramique_suites-480x270.jpg 480w, https:\/\/smagrimet.org\/2018\/wp-content\/uploads\/sites\/4\/2017\/07\/Le_Meridien_lav_Split_view_from_panoramique_suites.jpg 1600w\" sizes=\"(max-width: 300px) 100vw, 300px\" \/><\/a><\/p>\n<p>Taxi, buses and boats provide easy transportation from the airport to this hotel.<\/p>\n<p>Hotel provides a spacious and relaxing ambiance and a stunning panoramic view over the Adriatic Sea. Each room comes with high-tech audiovisual equipment, Free high-speed, wireless Internet and an abundance of natural daylight.<\/p>\n<p>&nbsp;<\/p>\n<p><a href=\"http:\/\/smagrimet.org\/wp-content\/uploads\/2017\/07\/mer1956po.198747_low.jpg\"><img loading=\"lazy\" decoding=\"async\" class=\"aligncenter wp-image-243\" src=\"http:\/\/smagrimet.org\/wp-content\/uploads\/2017\/07\/mer1956po.198747_low-1024x544.jpg\" alt=\"\" width=\"515\" height=\"274\" srcset=\"https:\/\/smagrimet.org\/2018\/wp-content\/uploads\/sites\/4\/2017\/07\/mer1956po.198747_low-1024x544.jpg 1024w, https:\/\/smagrimet.org\/2018\/wp-content\/uploads\/sites\/4\/2017\/07\/mer1956po.198747_low-300x159.jpg 300w, https:\/\/smagrimet.org\/2018\/wp-content\/uploads\/sites\/4\/2017\/07\/mer1956po.198747_low-768x408.jpg 768w, https:\/\/smagrimet.org\/2018\/wp-content\/uploads\/sites\/4\/2017\/07\/mer1956po.198747_low-830x441.jpg 830w, https:\/\/smagrimet.org\/2018\/wp-content\/uploads\/sites\/4\/2017\/07\/mer1956po.198747_low-230x122.jpg 230w, https:\/\/smagrimet.org\/2018\/wp-content\/uploads\/sites\/4\/2017\/07\/mer1956po.198747_low-350x186.jpg 350w, https:\/\/smagrimet.org\/2018\/wp-content\/uploads\/sites\/4\/2017\/07\/mer1956po.198747_low-480x255.jpg 480w, https:\/\/smagrimet.org\/2018\/wp-content\/uploads\/sites\/4\/2017\/07\/mer1956po.198747_low.jpg 1980w\" sizes=\"(max-width: 515px) 100vw, 515px\" \/><\/a><\/p>\n<p><a href=\"http:\/\/smagrimet.org\/wp-content\/uploads\/2017\/07\/mer1956mf.198715_low.jpg\"><img loading=\"lazy\" decoding=\"async\" class=\"aligncenter wp-image-242\" src=\"http:\/\/smagrimet.org\/wp-content\/uploads\/2017\/07\/mer1956mf.198715_low-1024x637.jpg\" alt=\"\" width=\"515\" height=\"320\" srcset=\"https:\/\/smagrimet.org\/2018\/wp-content\/uploads\/sites\/4\/2017\/07\/mer1956mf.198715_low-1024x637.jpg 1024w, https:\/\/smagrimet.org\/2018\/wp-content\/uploads\/sites\/4\/2017\/07\/mer1956mf.198715_low-300x187.jpg 300w, https:\/\/smagrimet.org\/2018\/wp-content\/uploads\/sites\/4\/2017\/07\/mer1956mf.198715_low-768x477.jpg 768w, https:\/\/smagrimet.org\/2018\/wp-content\/uploads\/sites\/4\/2017\/07\/mer1956mf.198715_low-830x516.jpg 830w, https:\/\/smagrimet.org\/2018\/wp-content\/uploads\/sites\/4\/2017\/07\/mer1956mf.198715_low-230x143.jpg 230w, https:\/\/smagrimet.org\/2018\/wp-content\/uploads\/sites\/4\/2017\/07\/mer1956mf.198715_low-350x218.jpg 350w, https:\/\/smagrimet.org\/2018\/wp-content\/uploads\/sites\/4\/2017\/07\/mer1956mf.198715_low-480x298.jpg 480w, https:\/\/smagrimet.org\/2018\/wp-content\/uploads\/sites\/4\/2017\/07\/mer1956mf.198715_low.jpg 1980w\" sizes=\"(max-width: 515px) 100vw, 515px\" \/><\/a><\/p>\n<p><a href=\"http:\/\/smagrimet.org\/wp-content\/uploads\/2017\/07\/aerial_low.jpg\"><img loading=\"lazy\" decoding=\"async\" class=\"aligncenter wp-image-240\" src=\"http:\/\/smagrimet.org\/wp-content\/uploads\/2017\/07\/aerial_low-1024x624.jpg\" alt=\"\" width=\"508\" height=\"310\" srcset=\"https:\/\/smagrimet.org\/2018\/wp-content\/uploads\/sites\/4\/2017\/07\/aerial_low.jpg 1024w, https:\/\/smagrimet.org\/2018\/wp-content\/uploads\/sites\/4\/2017\/07\/aerial_low-300x183.jpg 300w, https:\/\/smagrimet.org\/2018\/wp-content\/uploads\/sites\/4\/2017\/07\/aerial_low-768x468.jpg 768w, https:\/\/smagrimet.org\/2018\/wp-content\/uploads\/sites\/4\/2017\/07\/aerial_low-830x506.jpg 830w, https:\/\/smagrimet.org\/2018\/wp-content\/uploads\/sites\/4\/2017\/07\/aerial_low-230x140.jpg 230w, https:\/\/smagrimet.org\/2018\/wp-content\/uploads\/sites\/4\/2017\/07\/aerial_low-350x213.jpg 350w, https:\/\/smagrimet.org\/2018\/wp-content\/uploads\/sites\/4\/2017\/07\/aerial_low-480x293.jpg 480w\" sizes=\"(max-width: 508px) 100vw, 508px\" \/><\/a><\/p>\n<p>&nbsp;<\/p>\n<p>&nbsp;<\/p>\n<h4>How to Book the Accomodation<\/h4>\n<p><img loading=\"lazy\" decoding=\"async\" class=\"alignnone wp-image-219\" src=\"http:\/\/smagrimet.org\/wp-content\/uploads\/2017\/07\/Classic-room-Le-Meridien-Split-1-300x115.jpg\" alt=\"\" width=\"595\" height=\"228\" srcset=\"https:\/\/smagrimet.org\/2018\/wp-content\/uploads\/sites\/4\/2017\/07\/Classic-room-Le-Meridien-Split-1-300x115.jpg 300w, https:\/\/smagrimet.org\/2018\/wp-content\/uploads\/sites\/4\/2017\/07\/Classic-room-Le-Meridien-Split-1-768x295.jpg 768w, https:\/\/smagrimet.org\/2018\/wp-content\/uploads\/sites\/4\/2017\/07\/Classic-room-Le-Meridien-Split-1-1024x394.jpg 1024w, https:\/\/smagrimet.org\/2018\/wp-content\/uploads\/sites\/4\/2017\/07\/Classic-room-Le-Meridien-Split-1-830x319.jpg 830w, https:\/\/smagrimet.org\/2018\/wp-content\/uploads\/sites\/4\/2017\/07\/Classic-room-Le-Meridien-Split-1-230x88.jpg 230w, https:\/\/smagrimet.org\/2018\/wp-content\/uploads\/sites\/4\/2017\/07\/Classic-room-Le-Meridien-Split-1-350x135.jpg 350w, https:\/\/smagrimet.org\/2018\/wp-content\/uploads\/sites\/4\/2017\/07\/Classic-room-Le-Meridien-Split-1-480x185.jpg 480w, https:\/\/smagrimet.org\/2018\/wp-content\/uploads\/sites\/4\/2017\/07\/Classic-room-Le-Meridien-Split-1.jpg 1600w\" sizes=\"(max-width: 595px) 100vw, 595px\" \/><\/p>\n<p>For all the SMAGRIMET participants accommodation\u00a0<span style=\"line-height: 1.5\">special rates\u00a0<\/span><span style=\"line-height: inherit\">apply at the Le Meridien Lav Hotel (<a href=\"http:\/\/www.lemeridienlavsplit.com\">http:\/\/www.lemeridienlavsplit.com<\/a><\/span><span style=\"line-height: inherit\">).<\/span><\/p>\n<p>You will be able to reserve the hotel rooms by contacting Ms. Brankica Gudi\u0107:<br \/>\n<em>BRANKICA GUDI\u0106<\/em><br \/>\n<em>Events Manager<\/em><br \/>\n<em>T <strong>+385 21 500 603<\/strong> F:+385 21 500 614 M:+ 385 91 4444 210<\/em><br \/>\n<strong><em>brankica.gudic@lemeridiensplit.com<\/em><\/strong><\/p>\n<p>Guests can book, modify, or cancel a reservation from July 14, 2017 to April 20, 2018.<br \/>\nGroup rate available until <strong>April 10, 2018,<\/strong> subject to availability.<br \/>\nHotel reservation needs to be confirmed not later than <strong>April 10th, 2018<\/strong>.<\/p>\n<p><em>Information for Croatian attendees only:<br \/>\n<\/em><em>Sve sudionike iz Republike Hrvatske molimo da se za rezervaciju smje\u0161taja direktno obrate gospo\u0111i Brankici Gudi\u0107.<\/em><br \/>\n<em>BRANKICA GUDI\u0106<\/em><br \/>\n<em>Events Manager,Voditelj prodaje za grupe i evente<\/em><br \/>\n<em>T +385 21 500 603 F +385 21 500 614 M + 385 91 4444 210<\/em><br \/>\n<em>brankica.gudic@lemeridiensplit.com<\/em><\/p>\n","protected":false},"excerpt":{"rendered":"<p>The conference will be held at Hotel Le Meridien Lav, a five-star luxury resort located in Podstrana 8 km south of the [&hellip;]<\/p>\n","protected":false},"author":2,"featured_media":0,"parent":0,"menu_order":0,"comment_status":"closed","ping_status":"closed","template":"","meta":{"footnotes":""},"class_list":["post-212","page","type-page","status-publish","hentry"],"yoast_head":"<!-- This site is optimized with the Yoast SEO plugin v23.8 - https:\/\/yoast.com\/wordpress\/plugins\/seo\/ -->\n<title>Venue and Accomodation - SMAGRIMET 2018<\/title>\n<meta name=\"robots\" content=\"noindex, follow, max-snippet:-1, max-image-preview:large, max-video-preview:-1\" \/>\n<meta property=\"og:locale\" content=\"en_US\" \/>\n<meta property=\"og:type\" content=\"article\" \/>\n<meta property=\"og:title\" content=\"Venue and Accomodation - SMAGRIMET 2018\" \/>\n<meta property=\"og:description\" content=\"The conference will be held at Hotel Le Meridien Lav, a five-star luxury resort located in Podstrana 8 km south of the [&hellip;]\" \/>\n<meta property=\"og:url\" content=\"https:\/\/smagrimet.org\/2018\/venue-accomodation\/\" \/>\n<meta property=\"og:site_name\" content=\"SMAGRIMET 2018\" \/>\n<meta property=\"og:image\" content=\"http:\/\/smagrimet.org\/wp-content\/uploads\/2017\/07\/Sunset-view-le-meridien-split-2-300x169.jpg\" \/>\n<meta name=\"twitter:card\" content=\"summary_large_image\" \/>\n<meta name=\"twitter:label1\" content=\"Est. reading time\" \/>\n\t<meta name=\"twitter:data1\" content=\"1 minute\" \/>\n<script type=\"application\/ld+json\" class=\"yoast-schema-graph\">{\"@context\":\"https:\/\/schema.org\",\"@graph\":[{\"@type\":\"WebPage\",\"@id\":\"https:\/\/smagrimet.org\/2018\/venue-accomodation\/\",\"url\":\"https:\/\/smagrimet.org\/2018\/venue-accomodation\/\",\"name\":\"Venue and Accomodation - SMAGRIMET 2018\",\"isPartOf\":{\"@id\":\"https:\/\/smagrimet.org\/2018\/#website\"},\"primaryImageOfPage\":{\"@id\":\"https:\/\/smagrimet.org\/2018\/venue-accomodation\/#primaryimage\"},\"image\":{\"@id\":\"https:\/\/smagrimet.org\/2018\/venue-accomodation\/#primaryimage\"},\"thumbnailUrl\":\"http:\/\/smagrimet.org\/wp-content\/uploads\/2017\/07\/Sunset-view-le-meridien-split-2-300x169.jpg\",\"datePublished\":\"2017-07-12T21:29:58+00:00\",\"dateModified\":\"2017-07-12T21:29:58+00:00\",\"breadcrumb\":{\"@id\":\"https:\/\/smagrimet.org\/2018\/venue-accomodation\/#breadcrumb\"},\"inLanguage\":\"en-US\",\"potentialAction\":[{\"@type\":\"ReadAction\",\"target\":[\"https:\/\/smagrimet.org\/2018\/venue-accomodation\/\"]}]},{\"@type\":\"ImageObject\",\"inLanguage\":\"en-US\",\"@id\":\"https:\/\/smagrimet.org\/2018\/venue-accomodation\/#primaryimage\",\"url\":\"http:\/\/smagrimet.org\/wp-content\/uploads\/2017\/07\/Sunset-view-le-meridien-split-2-300x169.jpg\",\"contentUrl\":\"http:\/\/smagrimet.org\/wp-content\/uploads\/2017\/07\/Sunset-view-le-meridien-split-2-300x169.jpg\"},{\"@type\":\"BreadcrumbList\",\"@id\":\"https:\/\/smagrimet.org\/2018\/venue-accomodation\/#breadcrumb\",\"itemListElement\":[{\"@type\":\"ListItem\",\"position\":1,\"name\":\"Home\",\"item\":\"https:\/\/smagrimet.org\/2018\/\"},{\"@type\":\"ListItem\",\"position\":2,\"name\":\"Venue and Accomodation\"}]},{\"@type\":\"WebSite\",\"@id\":\"https:\/\/smagrimet.org\/2018\/#website\",\"url\":\"https:\/\/smagrimet.org\/2018\/\",\"name\":\"SMAGRIMET 2018\",\"description\":\"First International Colloquium on Smart Grid Metrology (SMAGRIMET 2018)\",\"potentialAction\":[{\"@type\":\"SearchAction\",\"target\":{\"@type\":\"EntryPoint\",\"urlTemplate\":\"https:\/\/smagrimet.org\/2018\/?s={search_term_string}\"},\"query-input\":{\"@type\":\"PropertyValueSpecification\",\"valueRequired\":true,\"valueName\":\"search_term_string\"}}],\"inLanguage\":\"en-US\"}]}<\/script>\n<!-- \/ Yoast SEO plugin. -->","yoast_head_json":{"title":"Venue and Accomodation - SMAGRIMET 2018","robots":{"index":"noindex","follow":"follow","max-snippet":"max-snippet:-1","max-image-preview":"max-image-preview:large","max-video-preview":"max-video-preview:-1"},"og_locale":"en_US","og_type":"article","og_title":"Venue and Accomodation - SMAGRIMET 2018","og_description":"The conference will be held at Hotel Le Meridien Lav, a five-star luxury resort located in Podstrana 8 km south of the [&hellip;]","og_url":"https:\/\/smagrimet.org\/2018\/venue-accomodation\/","og_site_name":"SMAGRIMET 2018","og_image":[{"url":"http:\/\/smagrimet.org\/wp-content\/uploads\/2017\/07\/Sunset-view-le-meridien-split-2-300x169.jpg"}],"twitter_card":"summary_large_image","twitter_misc":{"Est. reading time":"1 minute"},"schema":{"@context":"https:\/\/schema.org","@graph":[{"@type":"WebPage","@id":"https:\/\/smagrimet.org\/2018\/venue-accomodation\/","url":"https:\/\/smagrimet.org\/2018\/venue-accomodation\/","name":"Venue and Accomodation - SMAGRIMET 2018","isPartOf":{"@id":"https:\/\/smagrimet.org\/2018\/#website"},"primaryImageOfPage":{"@id":"https:\/\/smagrimet.org\/2018\/venue-accomodation\/#primaryimage"},"image":{"@id":"https:\/\/smagrimet.org\/2018\/venue-accomodation\/#primaryimage"},"thumbnailUrl":"http:\/\/smagrimet.org\/wp-content\/uploads\/2017\/07\/Sunset-view-le-meridien-split-2-300x169.jpg","datePublished":"2017-07-12T21:29:58+00:00","dateModified":"2017-07-12T21:29:58+00:00","breadcrumb":{"@id":"https:\/\/smagrimet.org\/2018\/venue-accomodation\/#breadcrumb"},"inLanguage":"en-US","potentialAction":[{"@type":"ReadAction","target":["https:\/\/smagrimet.org\/2018\/venue-accomodation\/"]}]},{"@type":"ImageObject","inLanguage":"en-US","@id":"https:\/\/smagrimet.org\/2018\/venue-accomodation\/#primaryimage","url":"http:\/\/smagrimet.org\/wp-content\/uploads\/2017\/07\/Sunset-view-le-meridien-split-2-300x169.jpg","contentUrl":"http:\/\/smagrimet.org\/wp-content\/uploads\/2017\/07\/Sunset-view-le-meridien-split-2-300x169.jpg"},{"@type":"BreadcrumbList","@id":"https:\/\/smagrimet.org\/2018\/venue-accomodation\/#breadcrumb","itemListElement":[{"@type":"ListItem","position":1,"name":"Home","item":"https:\/\/smagrimet.org\/2018\/"},{"@type":"ListItem","position":2,"name":"Venue and Accomodation"}]},{"@type":"WebSite","@id":"https:\/\/smagrimet.org\/2018\/#website","url":"https:\/\/smagrimet.org\/2018\/","name":"SMAGRIMET 2018","description":"First International Colloquium on Smart Grid Metrology (SMAGRIMET 2018)","potentialAction":[{"@type":"SearchAction","target":{"@type":"EntryPoint","urlTemplate":"https:\/\/smagrimet.org\/2018\/?s={search_term_string}"},"query-input":{"@type":"PropertyValueSpecification","valueRequired":true,"valueName":"search_term_string"}}],"inLanguage":"en-US"}]}},"_links":{"self":[{"href":"https:\/\/smagrimet.org\/2018\/wp-json\/wp\/v2\/pages\/212"}],"collection":[{"href":"https:\/\/smagrimet.org\/2018\/wp-json\/wp\/v2\/pages"}],"about":[{"href":"https:\/\/smagrimet.org\/2018\/wp-json\/wp\/v2\/types\/page"}],"author":[{"embeddable":true,"href":"https:\/\/smagrimet.org\/2018\/wp-json\/wp\/v2\/users\/2"}],"replies":[{"embeddable":true,"href":"https:\/\/smagrimet.org\/2018\/wp-json\/wp\/v2\/comments?post=212"}],"version-history":[{"count":0,"href":"https:\/\/smagrimet.org\/2018\/wp-json\/wp\/v2\/pages\/212\/revisions"}],"wp:attachment":[{"href":"https:\/\/smagrimet.org\/2018\/wp-json\/wp\/v2\/media?parent=212"}],"curies":[{"name":"wp","href":"https:\/\/api.w.org\/{rel}","templated":true}]}}