{"id":50,"date":"2017-07-08T22:34:00","date_gmt":"2017-07-08T20:34:00","guid":{"rendered":"http:\/\/smagrimet.org\/?page_id=50"},"modified":"2018-07-23T07:23:51","modified_gmt":"2018-07-23T07:23:51","slug":"committees","status":"publish","type":"page","link":"https:\/\/smagrimet.org\/2018\/committees\/","title":{"rendered":"Committees"},"content":{"rendered":"<p><strong>Chairing\u00a0 Committee<\/strong><\/p>\n<p><em>General Chair: Roman Malari\u0107<br \/>\nGeneral Co-Chair: Goran Petrovi\u0107<\/em><\/p>\n<p><em>Program Chair: Martin Dadi\u0107<br \/>\nProgram Co-Chair: Juraj Havelka<br \/>\n<\/em><br \/>\n<em>Registration Chair: Marko Jur\u010devi\u0107<\/em><br \/>\n<em>Executive Event Manager: Branimir Iv\u0161i\u0107<\/em><br \/>\n<em>Conference Secretary: Jure Konjevod<\/em><\/p>\n<p><strong>International Program Committee<\/strong><\/p>\n<p>Francisco Arcega, University of Zaragoza<br \/>\nIsabelle Blanc, LNE, Laboratoire national de m\u00e9trologie et d&#8217;essais<br \/>\nMartin Dadi\u0107, University of Zagreb<br \/>\nMarin Despalatovi\u0107, University of Split<br \/>\nMaria Evelina Mognaschi, University of Pavia<br \/>\nBo\u017eidar Filipovi\u0107-Gr\u010di\u0107, <span class=\"st\">CIGRE Croatian national committee<\/span><br \/>\nDenisa Galzina,\u00a0Croatian Transmission System Operator Ltd.<br \/>\nTonko Garma, University of Split<br \/>\nIvica Hadjina, Distribution\u00a0system operator<br \/>\nHrvoje Hegedu\u0161, University of Zagreb<br \/>\nDaniela Istrate, LNE, Laboratoire national de m\u00e9trologie et d&#8217;essais<br \/>\nIgor Ivankovi\u0107, Croatian Transmission System Operator Ltd.<br \/>\nBranimir Iv\u0161i\u0107, University of Zagreb<br \/>\nMarko Jur\u010devi\u0107, University of Zagreb<br \/>\nMarian Kampik,\u00a0Politechnika Slaska, Poland<br \/>\nDamir Karavidovi\u0107, HRO CIGRE<br \/>\nHrvoje Keko, KON\u010cAR &#8211; Power Plant and Electric Traction Engineering Inc.<br \/>\nTomislav Kili\u0107, University of Split<br \/>\nIvan Krajnovi\u0107,\u00a0KON\u010cAR &#8211; Power Plant and Electric Traction Engineering Inc.<br \/>\nKre\u0161imir Malari\u0107, University of Zagreb<br \/>\nRoman Malari\u0107, University of Zagreb<br \/>\nKruno Mili\u010devi\u0107, University of Osijek<br \/>\nPetar Mostarac, University of Zagreb<br \/>\nV\u011bra Nov\u00e1kov\u00e1 Zachovalov\u00e1 ,\u00a0Czech Metrology Institute , Brno<br \/>\nDamir Novosel,\u00a0Quanta Technology, LLC.<br \/>\nMario Paolone, \u00c9cole polytechnique f\u00e9d\u00e9rale de Lausanne<br \/>\nIvan Peri\u0161a, HEP Group<br \/>\nGoran Petrovi\u0107, University of Split<br \/>\nTomislav Plav\u0161i\u0107,\u00a0Croatian Transmission System Operator Ltd.<br \/>\nGert Rietveld, VSL-Dutch Metrology Institute<br \/>\nDubravko Saboli\u0107,\u00a0Croatian Transmission System Operator Ltd.<br \/>\nSr\u0111an Skok, Zagreb University of Applied Sciences (TVZ)<br \/>\nGoran Slipac, HEP Group<br \/>\nStjepan Su\u010di\u0107,\u00a0KON\u010cAR &#8211; Power Plant and Electric Traction Engineering Inc.<br \/>\nIgor \u0160tambuk, Croatian Military Academy &#8220;Dr. Franjo Tu\u0111man&#8221;<br \/>\nVladimir Terzija, Univesity of Manchester<br \/>\nValentin Tudor, Chalmers University of Technology<br \/>\nViktor Witkovsky, Institute of Measurement Science, Slovak Academy of Sciences<\/p>\n<p>&nbsp;<\/p>\n<p><strong>The Organizing Committee<\/strong><\/p>\n<p>Bo\u017eidar Filipovi\u0107-Gr\u010di\u0107<br \/>\nBranimir Iv\u0161i\u0107<br \/>\nMarko Jur\u010devi\u0107<br \/>\nJure Konjevod<br \/>\nRoman Malari\u0107<br \/>\n\u017deljko Martinovi\u0107<br \/>\nTarik Mutap\u010di\u0107<br \/>\nGoran Petrovi\u0107<br \/>\nMarin Despalatovi\u0107<\/p>\n","protected":false},"excerpt":{"rendered":"<p>Chairing\u00a0 Committee General Chair: Roman Malari\u0107 General Co-Chair: Goran Petrovi\u0107 Program Chair: Martin Dadi\u0107 Program Co-Chair: Juraj Havelka Registration Chair: Marko Jur\u010devi\u0107 [&hellip;]<\/p>\n","protected":false},"author":2,"featured_media":0,"parent":0,"menu_order":0,"comment_status":"closed","ping_status":"closed","template":"","meta":{"footnotes":""},"class_list":["post-50","page","type-page","status-publish","hentry"],"yoast_head":"<!-- This site is optimized with the Yoast SEO plugin v23.8 - https:\/\/yoast.com\/wordpress\/plugins\/seo\/ -->\n<title>Committees - SMAGRIMET 2018<\/title>\n<meta name=\"robots\" content=\"noindex, follow, max-snippet:-1, max-image-preview:large, max-video-preview:-1\" \/>\n<meta property=\"og:locale\" content=\"en_US\" \/>\n<meta property=\"og:type\" content=\"article\" \/>\n<meta property=\"og:title\" content=\"Committees - SMAGRIMET 2018\" \/>\n<meta property=\"og:description\" content=\"Chairing\u00a0 Committee General Chair: Roman Malari\u0107 General Co-Chair: Goran Petrovi\u0107 Program Chair: Martin Dadi\u0107 Program Co-Chair: Juraj Havelka Registration Chair: Marko Jur\u010devi\u0107 [&hellip;]\" \/>\n<meta property=\"og:url\" content=\"https:\/\/smagrimet.org\/2018\/committees\/\" \/>\n<meta property=\"og:site_name\" content=\"SMAGRIMET 2018\" \/>\n<meta property=\"article:modified_time\" content=\"2018-07-23T07:23:51+00:00\" \/>\n<meta name=\"twitter:card\" content=\"summary_large_image\" \/>\n<meta name=\"twitter:label1\" content=\"Est. reading time\" \/>\n\t<meta name=\"twitter:data1\" content=\"2 minutes\" \/>\n<script type=\"application\/ld+json\" class=\"yoast-schema-graph\">{\"@context\":\"https:\/\/schema.org\",\"@graph\":[{\"@type\":\"WebPage\",\"@id\":\"https:\/\/smagrimet.org\/2018\/committees\/\",\"url\":\"https:\/\/smagrimet.org\/2018\/committees\/\",\"name\":\"Committees - SMAGRIMET 2018\",\"isPartOf\":{\"@id\":\"https:\/\/smagrimet.org\/2018\/#website\"},\"datePublished\":\"2017-07-08T20:34:00+00:00\",\"dateModified\":\"2018-07-23T07:23:51+00:00\",\"breadcrumb\":{\"@id\":\"https:\/\/smagrimet.org\/2018\/committees\/#breadcrumb\"},\"inLanguage\":\"en-US\",\"potentialAction\":[{\"@type\":\"ReadAction\",\"target\":[\"https:\/\/smagrimet.org\/2018\/committees\/\"]}]},{\"@type\":\"BreadcrumbList\",\"@id\":\"https:\/\/smagrimet.org\/2018\/committees\/#breadcrumb\",\"itemListElement\":[{\"@type\":\"ListItem\",\"position\":1,\"name\":\"Home\",\"item\":\"https:\/\/smagrimet.org\/2018\/\"},{\"@type\":\"ListItem\",\"position\":2,\"name\":\"Committees\"}]},{\"@type\":\"WebSite\",\"@id\":\"https:\/\/smagrimet.org\/2018\/#website\",\"url\":\"https:\/\/smagrimet.org\/2018\/\",\"name\":\"SMAGRIMET 2018\",\"description\":\"First International Colloquium on Smart Grid Metrology (SMAGRIMET 2018)\",\"potentialAction\":[{\"@type\":\"SearchAction\",\"target\":{\"@type\":\"EntryPoint\",\"urlTemplate\":\"https:\/\/smagrimet.org\/2018\/?s={search_term_string}\"},\"query-input\":{\"@type\":\"PropertyValueSpecification\",\"valueRequired\":true,\"valueName\":\"search_term_string\"}}],\"inLanguage\":\"en-US\"}]}<\/script>\n<!-- \/ Yoast SEO plugin. -->","yoast_head_json":{"title":"Committees - SMAGRIMET 2018","robots":{"index":"noindex","follow":"follow","max-snippet":"max-snippet:-1","max-image-preview":"max-image-preview:large","max-video-preview":"max-video-preview:-1"},"og_locale":"en_US","og_type":"article","og_title":"Committees - SMAGRIMET 2018","og_description":"Chairing\u00a0 Committee General Chair: Roman Malari\u0107 General Co-Chair: Goran Petrovi\u0107 Program Chair: Martin Dadi\u0107 Program Co-Chair: Juraj Havelka Registration Chair: Marko Jur\u010devi\u0107 [&hellip;]","og_url":"https:\/\/smagrimet.org\/2018\/committees\/","og_site_name":"SMAGRIMET 2018","article_modified_time":"2018-07-23T07:23:51+00:00","twitter_card":"summary_large_image","twitter_misc":{"Est. reading time":"2 minutes"},"schema":{"@context":"https:\/\/schema.org","@graph":[{"@type":"WebPage","@id":"https:\/\/smagrimet.org\/2018\/committees\/","url":"https:\/\/smagrimet.org\/2018\/committees\/","name":"Committees - SMAGRIMET 2018","isPartOf":{"@id":"https:\/\/smagrimet.org\/2018\/#website"},"datePublished":"2017-07-08T20:34:00+00:00","dateModified":"2018-07-23T07:23:51+00:00","breadcrumb":{"@id":"https:\/\/smagrimet.org\/2018\/committees\/#breadcrumb"},"inLanguage":"en-US","potentialAction":[{"@type":"ReadAction","target":["https:\/\/smagrimet.org\/2018\/committees\/"]}]},{"@type":"BreadcrumbList","@id":"https:\/\/smagrimet.org\/2018\/committees\/#breadcrumb","itemListElement":[{"@type":"ListItem","position":1,"name":"Home","item":"https:\/\/smagrimet.org\/2018\/"},{"@type":"ListItem","position":2,"name":"Committees"}]},{"@type":"WebSite","@id":"https:\/\/smagrimet.org\/2018\/#website","url":"https:\/\/smagrimet.org\/2018\/","name":"SMAGRIMET 2018","description":"First International Colloquium on Smart Grid Metrology (SMAGRIMET 2018)","potentialAction":[{"@type":"SearchAction","target":{"@type":"EntryPoint","urlTemplate":"https:\/\/smagrimet.org\/2018\/?s={search_term_string}"},"query-input":{"@type":"PropertyValueSpecification","valueRequired":true,"valueName":"search_term_string"}}],"inLanguage":"en-US"}]}},"_links":{"self":[{"href":"https:\/\/smagrimet.org\/2018\/wp-json\/wp\/v2\/pages\/50"}],"collection":[{"href":"https:\/\/smagrimet.org\/2018\/wp-json\/wp\/v2\/pages"}],"about":[{"href":"https:\/\/smagrimet.org\/2018\/wp-json\/wp\/v2\/types\/page"}],"author":[{"embeddable":true,"href":"https:\/\/smagrimet.org\/2018\/wp-json\/wp\/v2\/users\/2"}],"replies":[{"embeddable":true,"href":"https:\/\/smagrimet.org\/2018\/wp-json\/wp\/v2\/comments?post=50"}],"version-history":[{"count":2,"href":"https:\/\/smagrimet.org\/2018\/wp-json\/wp\/v2\/pages\/50\/revisions"}],"predecessor-version":[{"id":1570,"href":"https:\/\/smagrimet.org\/2018\/wp-json\/wp\/v2\/pages\/50\/revisions\/1570"}],"wp:attachment":[{"href":"https:\/\/smagrimet.org\/2018\/wp-json\/wp\/v2\/media?parent=50"}],"curies":[{"name":"wp","href":"https:\/\/api.w.org\/{rel}","templated":true}]}}